{"id":12374,"date":"2014-05-28T13:06:10","date_gmt":"2014-05-28T13:06:10","guid":{"rendered":"http:\/\/cardinal.swiftideas.com\/asset-reference\/?page_id=9"},"modified":"2017-07-05T17:52:00","modified_gmt":"2017-07-05T17:52:00","slug":"home-2","status":"publish","type":"page","link":"http:\/\/eurokira.es\/","title":{"rendered":"Home"},"content":{"rendered":"<p>[spb_row element_name=\u00bbRow\u00bb wrap_type=\u00bbcontent-width\u00bb row_bg_type=\u00bbcolor\u00bb color_row_height=\u00bbcontent-height\u00bb bg_type=\u00bbcover\u00bb parallax_image_height=\u00bbcontent-height\u00bb parallax_image_movement=\u00bbfixed\u00bb parallax_image_speed=\u00bb0.5&#8243; bg_video_loop=\u00bbyes\u00bb parallax_video_height=\u00bbwindow-height\u00bb row_top_style=\u00bbnone\u00bb row_bottom_style=\u00bbnone\u00bb parallax_video_overlay=\u00bbnone\u00bb row_overlay_opacity=\u00bb0&#8243; remove_element_spacing=\u00bbno\u00bb row_col_pos=\u00bbdefault\u00bb row_expanding=\u00bbno\u00bb row_animation=\u00bbyes\u00bb row_animation_delay=\u00bb5&#8243; width=\u00bb1\/1&#8243; el_position=\u00bbfirst last\u00bb] [spb_blank_spacer height=\u00bb30px\u00bb width=\u00bb1\/1&#8243; el_position=\u00bbfirst last\u00bb] [spb_section spb_section_id=\u00bb13943&#8243; width=\u00bb1\/1&#8243; el_position=\u00bbfirst last\u00bb] [\/spb_row] [spb_row element_name=\u00bbRow\u00bb wrap_type=\u00bbcontent-width\u00bb row_bg_type=\u00bbcolor\u00bb color_row_height=\u00bbcontent-height\u00bb bg_type=\u00bbcover\u00bb parallax_image_height=\u00bbcontent-height\u00bb parallax_image_movement=\u00bbfixed\u00bb parallax_image_speed=\u00bb0.5&#8243; bg_video_loop=\u00bbyes\u00bb parallax_video_height=\u00bbwindow-height\u00bb row_el_class=\u00bbpb0&#8243; row_top_style=\u00bbnone\u00bb row_bottom_style=\u00bbnone\u00bb parallax_video_overlay=\u00bbnone\u00bb row_overlay_opacity=\u00bb0&#8243; remove_element_spacing=\u00bbno\u00bb row_col_pos=\u00bbdefault\u00bb row_expanding=\u00bbno\u00bb row_animation=\u00bbyes\u00bb row_animation_delay=\u00bb400&#8243; width=\u00bb1\/1&#8243; el_position=\u00bbfirst last\u00bb] [spb_blank_spacer height=\u00bb53px\u00bb width=\u00bb1\/1&#8243; el_position=\u00bbfirst last\u00bb] [\/spb_row] [spb_row element_name=\u00bbRow\u00bb wrap_type=\u00bbfull-width\u00bb row_bg_type=\u00bbimage\u00bb row_bg_color=\u00bb#abc300&#8243; color_row_height=\u00bbcontent-height\u00bb bg_image=\u00bb14018&#8243; bg_type=\u00bbcover\u00bb parallax_image_height=\u00bbcontent-height\u00bb parallax_image_movement=\u00bbscroll\u00bb parallax_image_speed=\u00bb0.5&#8243; bg_video_loop=\u00bbyes\u00bb parallax_video_height=\u00bbwindow-height\u00bb row_el_class=\u00bbno-shadow mt0&#8243; row_top_style=\u00bbslant-ltr\u00bb row_bottom_style=\u00bbnone\u00bb parallax_video_overlay=\u00bbcolor\u00bb row_overlay_opacity=\u00bb60&#8243; remove_element_spacing=\u00bbno\u00bb row_col_pos=\u00bbdefault\u00bb row_expanding=\u00bbno\u00bb row_animation=\u00bbnone\u00bb row_animation_delay=\u00bb0&#8243; width=\u00bb1\/1&#8243; el_position=\u00bbfirst last\u00bb] [spb_blank_spacer height=\u00bb1px\u00bb width=\u00bb1\/6&#8243; el_position=\u00bbfirst\u00bb] [spb_text_block animation=\u00bbnone\u00bb animation_delay=\u00bb0&#8243; simplified_controls=\u00bbyes\u00bb custom_css_percentage=\u00bbno\u00bb padding_vertical=\u00bb0&#8243; padding_horizontal=\u00bb14&#8243; margin_vertical=\u00bb0&#8243; border_size=\u00bb0&#8243; border_styling_global=\u00bbdefault\u00bb width=\u00bb2\/3&#8243;]<\/p>\n<h5 class=\"impact-text-large\" style=\"text-align: center;\"><span style=\"color: #ffffff;\">Eurokira, una empresa distribuidora de productos agr\u00edcolas especializada en los frutos secos como: las nueces, almendra, pistacho, cacahuete, y d\u00e1tiles sin hueso.<\/span><\/h5>\n<p style=\"text-align: center;\"><a class=\"sf-button standard white rounded bordered \" href=\"\/contacto\/\" target=\"_self\" rel=\"\"><span class=\"text\">CONTACTENOS<\/span><\/a><\/p>\n<p>[\/spb_text_block] [spb_blank_spacer height=\u00bb1px\u00bb width=\u00bb1\/6&#8243; el_position=\u00bblast\u00bb] [spb_blank_spacer height=\u00bb100px\u00bb width=\u00bb1\/1&#8243; el_position=\u00bbfirst last\u00bb] [\/spb_row] [spb_row element_name=\u00bbRow\u00bb wrap_type=\u00bbcontent-width\u00bb row_bg_type=\u00bbcolor\u00bb row_bg_color=\u00bb#222222&#8243; color_row_height=\u00bbcontent-height\u00bb bg_image=\u00bb13570&#8243; bg_type=\u00bbpattern\u00bb parallax_image_height=\u00bbcontent-height\u00bb parallax_image_movement=\u00bbscroll\u00bb parallax_image_speed=\u00bb0.5&#8243; bg_video_loop=\u00bbyes\u00bb parallax_video_height=\u00bbwindow-height\u00bb row_el_class=\u00bbno-shadow\u00bb row_top_style=\u00bbnone\u00bb row_bottom_style=\u00bbnone\u00bb parallax_video_overlay=\u00bbcolor\u00bb row_overlay_opacity=\u00bb40&#8243; remove_element_spacing=\u00bbno\u00bb row_col_pos=\u00bbdefault\u00bb row_expanding=\u00bbno\u00bb row_animation=\u00bbnone\u00bb row_animation_delay=\u00bb0&#8243; width=\u00bb1\/1&#8243; el_position=\u00bbfirst last\u00bb] [spb_icon_box title=\u00bbSELECCI\u00d3N\u00bb box_type=\u00bbstandard\u00bb icon=\u00bbsf-im-environmental-3&#8243; animate_svg=\u00bbno\u00bb target=\u00bb_self\u00bb animation=\u00bbflipInX\u00bb animation_delay=\u00bb0&#8243; icon_color=\u00bb#ffffff\u00bb text_color=\u00bb#ffffff\u00bb animated_box_style=\u00bbcoloured\u00bb animated_box_rounded=\u00bbyes\u00bb width=\u00bb1\/3&#8243; el_position=\u00bbfirst\u00bb]<\/p>\n<p>Seleccionamos s\u00f3lo las mejores semillas de los diferentes productos de la tierra, para el envasado y posterior distribuci\u00f3n hasta llegar a la mesa del consumidor final.<\/p>\n<p>Por ello as\u00ed, aseguramos unos frutos de excelente calidad.<\/p>\n<p>[\/spb_icon_box] [spb_icon_box title=\u00bbENVASADO\u00bb box_type=\u00bbstandard\u00bb icon=\u00bbsf-im-box-open\u00bb animate_svg=\u00bbno\u00bb target=\u00bb_self\u00bb animation=\u00bbflipInX\u00bb animation_delay=\u00bb400&#8243; icon_color=\u00bb#ffffff\u00bb text_color=\u00bb#ffffff\u00bb animated_box_style=\u00bbcoloured\u00bb animated_box_rounded=\u00bbyes\u00bb width=\u00bb1\/3&#8243;]<\/p>\n<p>Trabajamos diferentes tipos de envasados como son los de tipo\u00a0<span class=\"s1\">Big-Bags, Sacos de 25Kgs., y tambi\u00e9n \u00a0en sacos de 10 y 5 Kgs. <\/span><\/p>\n<p><span class=\"s1\">Con este tipo de envasado nos adaptamos a las diferentes necesidades de cada industria en concreto.<\/span><\/p>\n<p>[\/spb_icon_box] [spb_icon_box title=\u00bbDISTRIBUCI\u00d3N\u00bb box_type=\u00bbstandard\u00bb icon=\u00bbsf-im-business-man\u00bb animate_svg=\u00bbno\u00bb target=\u00bb_self\u00bb animation=\u00bbflipInX\u00bb animation_delay=\u00bb800&#8243; icon_color=\u00bb#ffffff\u00bb text_color=\u00bb#ffffff\u00bb animated_box_style=\u00bbcoloured\u00bb animated_box_rounded=\u00bbyes\u00bb width=\u00bb1\/3&#8243; el_position=\u00bblast\u00bb]<\/p>\n<p>La empresa Eurokira est\u00e1 especializada en la distribuci\u00f3n de alimentos sectorizada en los frutos secos como es el caso de la almendra, nueces, d\u00e1tiles, pistachos, cacahuetes y avellanas principalmente.<\/p>\n<p>Y siempre con la calidad que ofrece Eurokira&#8230;<\/p>\n<p>[\/spb_icon_box] [spb_blank_spacer height=\u00bb30px\u00bb width=\u00bb1\/1&#8243; el_position=\u00bbfirst last\u00bb] [\/spb_row] [spb_blank_spacer height=\u00bb54px\u00bb width=\u00bb1\/1&#8243; el_position=\u00bbfirst last\u00bb] [spb_row element_name=\u00bbRow\u00bb wrap_type=\u00bbcontent-width\u00bb row_bg_type=\u00bbcolor\u00bb color_row_height=\u00bbcontent-height\u00bb bg_type=\u00bbcover\u00bb parallax_image_height=\u00bbcontent-height\u00bb parallax_image_movement=\u00bbfixed\u00bb parallax_image_speed=\u00bb0.5&#8243; bg_video_loop=\u00bbyes\u00bb parallax_video_height=\u00bbwindow-height\u00bb row_el_class=\u00bbmt0 pt0&#8243; row_top_style=\u00bbnone\u00bb row_bottom_style=\u00bbnone\u00bb parallax_video_overlay=\u00bbnone\u00bb row_overlay_opacity=\u00bb0&#8243; remove_element_spacing=\u00bbno\u00bb row_col_pos=\u00bbdefault\u00bb row_expanding=\u00bbno\u00bb row_animation=\u00bbnone\u00bb row_animation_delay=\u00bb0&#8243; width=\u00bb1\/1&#8243; el_position=\u00bbfirst last\u00bb] [spb_divider type=\u00bbstandard\u00bb text=\u00bbGo to top\u00bb top_margin=\u00bb32px\u00bb bottom_margin=\u00bb54px\u00bb fullwidth=\u00bbno\u00bb width=\u00bb1\/1&#8243; el_position=\u00bbfirst last\u00bb] [spb_recent_posts title=\u00bbACTUALIDAD AGROALIMENTARIA\u00bb display_type=\u00bbstandard\u00bb carousel=\u00bbyes\u00bb item_columns=\u00bb3&#8243; item_count=\u00bb4&#8243; category=\u00bbAll\u00bb offset=\u00bb0&#8243; posts_order=\u00bbDESC\u00bb excerpt_length=\u00bb16&#8243; fullwidth=\u00bbno\u00bb gutters=\u00bbyes\u00bb button_enabled=\u00bbno\u00bb pagination=\u00bbyes\u00bb width=\u00bb1\/1&#8243; el_position=\u00bbfirst last\u00bb] [spb_blank_spacer height=\u00bb55px\u00bb width=\u00bb1\/1&#8243; el_position=\u00bbfirst last\u00bb] [\/spb_row] [spb_row element_name=\u00bbRow\u00bb wrap_type=\u00bbfull-width\u00bb row_bg_type=\u00bbcolor\u00bb color_row_height=\u00bbcontent-height\u00bb bg_type=\u00bbcover\u00bb parallax_image_height=\u00bbcontent-height\u00bb parallax_image_movement=\u00bbfixed\u00bb parallax_image_speed=\u00bb0.5&#8243; bg_video_loop=\u00bbyes\u00bb parallax_video_height=\u00bbwindow-height\u00bb row_top_style=\u00bbnone\u00bb row_bottom_style=\u00bbnone\u00bb parallax_video_overlay=\u00bbnone\u00bb row_overlay_opacity=\u00bb0&#8243; remove_element_spacing=\u00bbyes\u00bb row_col_pos=\u00bbdefault\u00bb row_expanding=\u00bbno\u00bb row_animation=\u00bbnone\u00bb row_animation_delay=\u00bb0&#8243; width=\u00bb1\/1&#8243; el_position=\u00bbfirst last\u00bb] [\/spb_row] [spb_image_banner image=\u00bb14749&#8243; image_size=\u00bbfull\u00bb content_pos=\u00bbcenter\u00bb content_textalign=\u00bbcenter\u00bb animation=\u00bbnone\u00bb animation_delay=\u00bb200&#8243; image_link=\u00bb#\u00bb link_target=\u00bb_self\u00bb width=\u00bb1\/2&#8243; el_position=\u00bbfirst\u00bb]<\/p>\n<h2 style=\"text-align: center;\"><span style=\"color: #ffffff;\">POR UNA AGRICULTURA SOSTENIBLE<\/span><br \/>\n<span style=\"color: #ffffff;\">\u00a1Respetamos el medio ambiente!<\/span><\/h2>\n<p>[\/spb_image_banner] [spb_image_banner image=\u00bb14741&#8243; image_size=\u00bbfull\u00bb content_pos=\u00bbcenter\u00bb content_textalign=\u00bbcenter\u00bb animation=\u00bbnone\u00bb animation_delay=\u00bb200&#8243; image_link=\u00bb#\u00bb link_target=\u00bb_self\u00bb width=\u00bb1\/2&#8243; el_position=\u00bblast\u00bb]<\/p>\n<h2><span style=\"color: #ffffff;\">M\u00c1XIMA CALIDAD<\/span><br \/>\n<span style=\"color: #ffffff;\">Selecci\u00f3n de primera.<\/span><\/h2>\n<p>[\/spb_image_banner]<\/p>\n","protected":false},"excerpt":{"rendered":"<p>[spb_row element_name=\u00bbRow\u00bb wrap_type=\u00bbcontent-width\u00bb row_bg_type=\u00bbcolor\u00bb color_row_height=\u00bbcontent-height\u00bb bg_type=\u00bbcover\u00bb parallax_image_height=\u00bbcontent-height\u00bb parallax_image_movement=\u00bbfixed\u00bb parallax_image_speed=\u00bb0.5&#8243; bg_video_loop=\u00bbyes\u00bb parallax_video_height=\u00bbwindow-height\u00bb row_top_style=\u00bbnone\u00bb row_bottom_style=\u00bbnone\u00bb parallax_video_overlay=\u00bbnone\u00bb row_overlay_opacity=\u00bb0&#8243; remove_element_spacing=\u00bbno\u00bb row_col_pos=\u00bbdefault\u00bb row_expanding=\u00bbno\u00bb row_animation=\u00bbyes\u00bb row_animation_delay=\u00bb5&#8243; width=\u00bb1\/1&#8243; el_position=\u00bbfirst last\u00bb] [spb_blank_spacer height=\u00bb30px\u00bb width=\u00bb1\/1&#8243; el_position=\u00bbfirst last\u00bb] [spb_section spb_section_id=\u00bb13943&#8243; width=\u00bb1\/1&#8243; el_position=\u00bbfirst last\u00bb] [\/spb_row] [spb_row element_name=\u00bbRow\u00bb wrap_type=\u00bbcontent-width\u00bb row_bg_type=\u00bbcolor\u00bb color_row_height=\u00bbcontent-height\u00bb bg_type=\u00bbcover\u00bb parallax_image_height=\u00bbcontent-height\u00bb parallax_image_movement=\u00bbfixed\u00bb parallax_image_speed=\u00bb0.5&#8243; bg_video_loop=\u00bbyes\u00bb parallax_video_height=\u00bbwindow-height\u00bb row_el_class=\u00bbpb0&#8243; row_top_style=\u00bbnone\u00bb row_bottom_style=\u00bbnone\u00bb parallax_video_overlay=\u00bbnone\u00bb row_overlay_opacity=\u00bb0&#8243; remove_element_spacing=\u00bbno\u00bb row_col_pos=\u00bbdefault\u00bb row_expanding=\u00bbno\u00bb row_animation=\u00bbyes\u00bb row_animation_delay=\u00bb400&#8243; width=\u00bb1\/1&#8243; el_position=\u00bbfirst last\u00bb] [spb_blank_spacer height=\u00bb53px\u00bb [&hellip;]<\/p>\n","protected":false},"author":1,"featured_media":0,"parent":0,"menu_order":0,"comment_status":"open","ping_status":"open","template":"","meta":[],"_links":{"self":[{"href":"http:\/\/eurokira.es\/index.php?rest_route=\/wp\/v2\/pages\/12374"}],"collection":[{"href":"http:\/\/eurokira.es\/index.php?rest_route=\/wp\/v2\/pages"}],"about":[{"href":"http:\/\/eurokira.es\/index.php?rest_route=\/wp\/v2\/types\/page"}],"author":[{"embeddable":true,"href":"http:\/\/eurokira.es\/index.php?rest_route=\/wp\/v2\/users\/1"}],"replies":[{"embeddable":true,"href":"http:\/\/eurokira.es\/index.php?rest_route=%2Fwp%2Fv2%2Fcomments&post=12374"}],"version-history":[{"count":0,"href":"http:\/\/eurokira.es\/index.php?rest_route=\/wp\/v2\/pages\/12374\/revisions"}],"wp:attachment":[{"href":"http:\/\/eurokira.es\/index.php?rest_route=%2Fwp%2Fv2%2Fmedia&parent=12374"}],"curies":[{"name":"wp","href":"https:\/\/api.w.org\/{rel}","templated":true}]}}